{"id":1393,"date":"2017-02-16T14:32:55","date_gmt":"2017-02-16T12:32:55","guid":{"rendered":"http:\/\/www.szakacskonyv.ro\/?page_id=1393"},"modified":"2017-02-21T20:00:26","modified_gmt":"2017-02-21T18:00:26","slug":"szotar","status":"publish","type":"page","link":"https:\/\/www.szakacskonyv.ro\/?page_id=1393","title":{"rendered":"Sz\u00f3t\u00e1r"},"content":{"rendered":"<p>A k\u00f6vetkez\u0151kben a f\u0151z\u00e9shez\/s\u00fct\u00e9shez k\u00f6thet\u0151 kifejez\u00e9sek helyi megnevez\u00e9se mellett a &#8222;hivatalos&#8221;, vagy ak\u00e1r egy\u00e9b n\u00e9pi megnevez\u00e9se, m\u00e1s nyelveken val\u00f3 azonos\u00edt\u00e1sa szerepel.<\/p>\n<h4><span style=\"color: #800000;\">F\u0171szerek \/ Gy\u00f3gyn\u00f6v\u00e9nyek<\/span><\/h4>\n<p><strong>\u00c1nizs<\/strong><br \/>\n<em>M\u00e1sk\u00e9nt<\/em>: \u00e1nizsmag, illatos \u00e1nizs, k\u00f6z\u00f6ns\u00e9ges \u00e1nizs, b\u00e9csi- vagy \u00e9desk\u00f6m\u00e9ny<br \/>\n<em>Rom\u00e1nul<\/em>: anason<br \/>\n<em>N\u00e9met\u00fcl<\/em>: anis<br \/>\n<em>Angolul<\/em>: anise<\/p>\n<p><strong>Bab\u00e9rlev\u00e9l<\/strong><br \/>\n<em>M\u00e1sk\u00e9nt<\/em>: albertlev\u00e9l, b\u00fcrb\u00e9rfa, szagos lev\u00e9l, illatfa<br \/>\n<em>Rom\u00e1nul<\/em>: dafin<br \/>\n<em>N\u00e9met\u00fcl<\/em>: lorbeerblatt<br \/>\n<em>Angolul<\/em>: bay leaf<\/p>\n<p><strong>Bazsalikom<\/strong><br \/>\n<em>M\u00e1sk\u00e9nt<\/em>: bazsalikusf\u0171, buszujok, kerti bazsalikum, kir\u00e1lyf\u0171, n\u00e9met bors<br \/>\n<em>Rom\u00e1nul<\/em>: busuioc<br \/>\n<em>N\u00e9met\u00fcl<\/em>: basilikum<br \/>\n<em>Angolul<\/em>: basil<\/p>\n<p><strong>Bors<\/strong><br \/>\n<em>M\u00e1sk\u00e9nt<\/em>: fekete bors, feh\u00e9r bors<br \/>\n<em>Rom\u00e1nul<\/em>: piper, piper alb, piper negru, piper m\u0103cinat<br \/>\n<em>N\u00e9met\u00fcl<\/em>: pfeffer<br \/>\n<em>Angolul<\/em>: pepper<\/p>\n<p><strong>Citromf\u0171<br \/>\n<\/strong><em>M\u00e1sk\u00e9nt<\/em><strong>: <\/strong>orvosi citromf\u0171, citromszag\u00fa melissza, m\u00e9hf\u0171, m\u00e9zf\u0171, igaz n\u00e1draf\u0171, macskam\u00e9z, m\u00e9zelke, anyam\u00e9hf\u0171, citromosf\u0171, m\u00e9zg\u00e1ncs, rajf\u0171<br \/>\n<em>Rom\u00e1nul<\/em>: m\u0103t\u0103cin\u0103, roini\u021b\u0103<br \/>\n<em>N\u00e9met\u00fcl<\/em>: zitronenmelisse, melisse<br \/>\n<em>Angolul<\/em>: balm, lemon-balm, citronella<\/p>\n<p><strong>Csal\u00e1n<\/strong><br \/>\n<em>M\u00e1sk\u00e9nt<\/em>: csih\u00e1ny, csal\u00e1ny, csoll\u00e1n, cs\u00f3ly\u00e1ny, csan\u00e1l, csoh\u00e1n, csov\u00e1ny<br \/>\n<em>Rom\u00e1nul<\/em>: urzic\u0103<br \/>\n<em>N\u00e9met\u00fcl<\/em>: brennessel<br \/>\n<em>Angolul<\/em>: nettle<\/p>\n<p><strong>Csipkebogy\u00f3<\/strong><br \/>\n<em>M\u00e1sk\u00e9nt<\/em>: r\u00f3zsabogy\u00f3, csipke, csitkenye, hecsedli, hecserli, hecse(m)pecs, seggvakar\u00f3, bicske<br \/>\n<em>Rom\u00e1nul<\/em>: m\u0103cea\u0219\u0103<br \/>\n<em>N\u00e9met\u00fcl<\/em>: hagebutte<br \/>\n<em>Angolul<\/em>: hip<\/p>\n<p><strong>Csombor<\/strong><br \/>\n<em>M\u00e1sk\u00e9nt<\/em>: borsikaf\u0171, csombord, csomborbors, hurkaf\u0171, kerti izs\u00f3pf\u0171, kerti m\u00e9hf\u0171, pereszl\u00e9n, b\u00e9csi rozmaringnak, babf\u0171, borsf\u0171nek, borsos szatorja, sz\u00e1dorja<br \/>\n<em>Rom\u00e1nul<\/em>: cimbru<br \/>\n<em>N\u00e9met\u00fcl<\/em>: bohnenkraut<br \/>\n<em>Angolul<\/em>: summer savory<\/p>\n<p><strong>Fah\u00e9j<\/strong><br \/>\n<em>Rom\u00e1nul<\/em>: scor\u021bi\u0219oar\u0103<br \/>\n<em>N\u00e9met\u00fcl<\/em>: zimt<br \/>\n<em>Angolul<\/em>: cinnamon<\/p>\n<p><strong>Fokhagyma<\/strong><br \/>\n<em>M\u00e1sk\u00e9nt<\/em>: foghagyma, b\u00fcd\u00f6s hagyma<br \/>\n<em>Rom\u00e1nul<\/em>: usturoi<br \/>\n<em>N\u00e9met\u00fcl<\/em>: knoblauch, zehe<br \/>\n<em>Angolul<\/em>: garlic<\/p>\n<p><strong>Gy\u00f6mb\u00e9r<\/strong><br \/>\n<em>M\u00e1sk\u00e9nt<\/em>: ginger, turmeric, cikl\u00e1sz, erdei szegf\u0171, vadszegf\u0171, Szent Benedek f\u00fcve<br \/>\n<em>Rom\u00e1nul<\/em>: ghimbir, ghimber<br \/>\n<em>N\u00e9met\u00fcl<\/em>: ingwer<br \/>\n<em>Angolul<\/em>: ginger<\/p>\n<p><strong>Kakukkf\u0171<\/strong><br \/>\n<em>M\u00e1sk\u00e9nt<\/em>: balzsamf\u0171, d\u00e9mutka, kakucskaf\u0171, kerti kakukkf\u0171, mezei kakukkf\u0171, timi\u00e1n, t\u00f6mj\u00e9nf\u0171, t\u00f6m\u00e9nyf\u0171, vadcsombor<br \/>\n<em>Rom\u00e1nul<\/em>: cimbri\u0219or<br \/>\n<em>N\u00e9met\u00fcl<\/em>: thymian<br \/>\n<em>Angolul<\/em>: thyme<\/p>\n<p><strong>Kapor<\/strong><br \/>\n<em>M\u00e1sk\u00e9nt<\/em>: f\u0171szerkapor, kertikapor, kertik\u00f6m\u00e9ny, uborkaf\u0171<br \/>\n<em>Rom\u00e1nul<\/em>: m\u0103rar<br \/>\n<em>N\u00e9met\u00fcl<\/em>: dill<br \/>\n<em>Angolul<\/em>: dill<\/p>\n<p><strong>Koriander<\/strong><br \/>\n<em>M\u00e1sk\u00e9nt<\/em>: bel\u00e9nd, bel\u00e9ndf\u0171, bolhaf\u0171, bors, cig\u00e1nypetrezselyem, csim\u00e1zillat\u00faf\u0171, kertibors, kerti koriander, sobrabori, sobraborif\u0171<br \/>\n<em>Rom\u00e1nul<\/em>: coriandru<br \/>\n<em>N\u00e9met\u00fcl<\/em>: koriander<br \/>\n<em>Angolul<\/em>: coriander<\/p>\n<p><strong>K\u00f6m\u00e9ny<\/strong><br \/>\n<em>M\u00e1sk\u00e9nt<\/em>: konyhak\u00f6m\u00e9ny, k\u00f6m\u00e9nymag, r\u00e9gik\u00f6m\u00e9ny, hasznos k\u00f6m\u00e9ny<br \/>\n<em>Rom\u00e1nul<\/em>: chimen<br \/>\n<em>N\u00e9met\u00fcl<\/em>: k\u00fcmmel<br \/>\n<em>Angolul<\/em>: cumin, caraway, caraway-seeds<\/p>\n<p><strong>Kurkuma<\/strong><br \/>\n<em>M\u00e1sk\u00e9nt<\/em>: kurkunna gy\u00f6k\u00e9r, indiai s\u00e1fr\u00e1ny, k\u00e9ml\u0151 gy\u00f6k\u00e9r, s\u00e1rga gy\u00f6mb\u00e9r<br \/>\n<em>Rom\u00e1nul<\/em>: curcuma<br \/>\n<em>N\u00e9met\u00fcl<\/em>: kurkuma, gelbwurz<br \/>\n<em>Angolul<\/em>: turmeric<\/p>\n<p><strong>Lesty\u00e1n<\/strong><br \/>\n<em>M\u00e1sk\u00e9nt<\/em>:\u00a0leosty\u00e1n, lecsihan, leustyan, levescs\u00edk, levestikom, levest\u00f6k\u00f6m, l\u00f6b\u00f6st\u00f6k, l\u00f3stya<br \/>\n<em>Rom\u00e1nul<\/em>: leu\u0219tean<br \/>\n<em>N\u00e9met\u00fcl<\/em>: liebstockel<br \/>\n<em>Angolul<\/em>: lovage<\/p>\n<p><strong>Levendula<\/strong><br \/>\n<em>M\u00e1sk\u00e9nt<\/em>: keskenylevel\u0171 levendula, orvosi levendula, szagos levendula<br \/>\n<em>Rom\u00e1nul<\/em>: lavand<br \/>\n<em>N\u00e9met\u00fcl<\/em>: lavendel<br \/>\n<em>Angolul<\/em>: lavender<\/p>\n<p><strong>Major\u00e1nna<\/strong><br \/>\n<em>M\u00e1sk\u00e9nt<\/em>: major\u00e1na, majoranna, kerti major\u00e1nna, pecsenyevir\u00e1g<br \/>\n<em>Rom\u00e1nul<\/em>: maghiran<br \/>\n<em>N\u00e9met\u00fcl<\/em>: majoran<br \/>\n<em>Angolul<\/em>: marjoram<\/p>\n<p><strong>Must\u00e1r<\/strong><br \/>\n<em>M\u00e1sk\u00e9nt<\/em>: angol must\u00e1r, francia must\u00e1r, barna must\u00e1r<br \/>\n<em>Rom\u00e1nul<\/em>: mu\u0219tar<br \/>\n<em>N\u00e9met\u00fcl<\/em>: senf,\u00a0weisser senf<br \/>\n<em>Angolul<\/em>: mustard, white mustard<\/p>\n<p><strong>Oreg\u00e1n\u00f3<\/strong><br \/>\n<em>M\u00e1sk\u00e9nt<\/em>: szurokf\u0171, k\u00f6z\u00f6ns\u00e9ges szurokf\u0171, vadmajor\u00e1nna, fekete gyop\u00e1r, kasb\u00f3k, sz\u00e1razf\u0171, sz\u00faf\u0171, sz\u00farf\u0171<br \/>\n<em>Rom\u00e1nul<\/em>: oregano<br \/>\n<em>N\u00e9met\u00fcl<\/em>: oregano<br \/>\n<em>Angolul<\/em>: oregano<\/p>\n<p><strong>Paprika<\/strong><br \/>\n<em>M\u00e1sk\u00e9nt<\/em>: f\u0171szerpaprika-\u0151rlem\u00e9ny, pirosbors, veresbors<br \/>\n<em>Rom\u00e1nul<\/em>: piper, boia de ardei<br \/>\n<em>N\u00e9met\u00fcl<\/em>: paprika, roter pfeffer, ungarischer pfeffer<br \/>\n<em>Angolul<\/em>: pepper<\/p>\n<p><strong>Petrezselyem<\/strong><br \/>\n<em>M\u00e1sk\u00e9nt<\/em>: petrezsirom, petrezselem, petruska, feh\u00e9r gy\u00f6k\u00e9r<br \/>\n<em>Rom\u00e1nul<\/em>: p\u0103trunjel<br \/>\n<em>N\u00e9met\u00fcl<\/em>: petersilie<br \/>\n<em>Angolul<\/em>: parsley, perejil, parsnip<\/p>\n<p><strong>Rozmaring<\/strong><br \/>\n<em>M\u00e1sk\u00e9nt<\/em>: rozmarin, antosf\u0171<i>.<\/i><br \/>\n<em>Rom\u00e1nul<\/em>: rozmarin<br \/>\n<em>N\u00e9met\u00fcl<\/em>: rosmarin<br \/>\n<em>Angolul<\/em>: rosemary<\/p>\n<p><strong>Szegf\u0171szeg<\/strong><br \/>\n<em>Rom\u00e1nul<\/em>: cui\u0219oare<br \/>\n<em>N\u00e9met\u00fcl<\/em>: gew\u00fcrznelke, nelke<br \/>\n<em>Angolul<\/em>: clove<\/p>\n<p><strong>Szerecsendi\u00f3<\/strong><br \/>\n<em>M\u00e1sk\u00e9nt<\/em>: m\u00e1cisdi\u00f3, musk\u00e1tdi\u00f3<br \/>\n<em>Rom\u00e1nul<\/em>: nuc\u0219oar\u0103<br \/>\n<em>N\u00e9met\u00fcl<\/em>: pimpel, muskatnuss<br \/>\n<em>Angolul<\/em>: mace, nutmeg<\/p>\n<p><strong>T\u00e1rkony<\/strong><br \/>\n<em>M\u00e1sk\u00e9nt<\/em>: esztragon, t\u00e1rkony\u00fcr\u00f6m, s\u00e1rk\u00e1nyf\u0171<br \/>\n<em>Rom\u00e1nul<\/em>: tarhon<br \/>\n<em>N\u00e9met\u00fcl<\/em>: estragon<br \/>\n<em>Angolul<\/em>: tarragon<\/p>\n<p><strong>Torma<\/strong><br \/>\n<em>M\u00e1sk\u00e9nt<\/em>: cs\u00edp\u0151s torma, k\u00f6z\u00f6ns\u00e9ges torma, orrteker\u0151 torma<br \/>\n<em>Rom\u00e1nul<\/em>: hrean<br \/>\n<em>N\u00e9met\u00fcl<\/em>: meerrettich<br \/>\n<em>Angolul<\/em>: horse radish<\/p>\n<p><strong>Zeller<\/strong><br \/>\n<em>M\u00e1sk\u00e9nt<\/em>: celler<br \/>\n<em>Rom\u00e1nul<\/em>: \u021belin\u0103<br \/>\n<em>N\u00e9met\u00fcl<\/em>: sellerie<br \/>\n<em>Angolul<\/em>: celery<\/p>\n<h4><span style=\"color: #800000;\">Gy\u00fcm\u00f6lcs\u00f6k<\/span><\/h4>\n<p><strong>\u00c1fonya<\/strong><br \/>\n<em>M\u00e1sk\u00e9nt<\/em>: havasi meggy, kukajsza, kukujza, molabogy\u00f3, afinya<br \/>\n<em>Rom\u00e1nul<\/em>: afin\u0103<br \/>\n<em>N\u00e9met\u00fcl<\/em>: heidelbeere, blaubeere, preiselbeere<br \/>\n<em>Angolul<\/em>: cow-berry, blueberry, cranberry<\/p>\n<p><strong>Citrom<\/strong><br \/>\n<em>M\u00e1sk\u00e9nt<\/em>: l\u00e9monya, citrony\u00e1d, citrony<br \/>\n<em>Rom\u00e1nul<\/em>: l\u0103m\u00e2ie<br \/>\n<em>N\u00e9met\u00fcl<\/em>: zitrone<br \/>\n<em>Angolul<\/em>: lemon<\/p>\n<p><strong>Cseresznye<\/strong><br \/>\n<em>M\u00e1sk\u00e9nt<\/em>: istenek eledele<br \/>\n<em>Rom\u00e1nul<\/em>: cire\u0219e<br \/>\n<em>N\u00e9met\u00fcl<\/em>: kirsche<br \/>\n<em>Angolul<\/em>: cherry<\/p>\n<p><strong>Di\u00f3<\/strong><br \/>\n<em>M\u00e1sk\u00e9nt<\/em>: k\u00f6z\u00f6ns\u00e9ges di\u00f3, kulcsos di\u00f3<br \/>\n<em>Rom\u00e1nul<\/em>: nuc\u0103<br \/>\n<em>N\u00e9met\u00fcl<\/em>: nuss, walnuss<br \/>\n<em>Angolul<\/em>: nut, walnut<\/p>\n<p><strong>Egres<\/strong><br \/>\n<em>M\u00e1sk\u00e9nt<\/em>: br\u00fcszke, piszke, p\u00f6szm\u00e9te, k\u00f6szm\u00e9te<br \/>\n<em>Rom\u00e1nul<\/em>: agri\u0219<br \/>\n<em>N\u00e9met\u00fcl<\/em>: stachelbeere<br \/>\n<em>Angolul<\/em>: gooseberry<\/p>\n<p><strong>Gesztenye<\/strong><br \/>\n<em>M\u00e1sk\u00e9nt<\/em>: havasi meggy, kukajsza, kukujza, molabogy\u00f3, afinya<br \/>\n<em>Rom\u00e1nul<\/em>: castan\u0103<br \/>\n<em>N\u00e9met\u00fcl<\/em>: kastanie<br \/>\n<em>Angolul<\/em>: marron, chestnut<\/p>\n<p><strong>K\u00f6k\u00e9ny<\/strong><br \/>\n<em>M\u00e1sk\u00e9nt<\/em>: boronafa, koronafa, ekeg\u00fazs, kininfa, k\u00f6k\u00f6nye, t\u00f6visfa, zabszilva<br \/>\n<em>Rom\u00e1nul<\/em>: porumb\u0103, porumbar<br \/>\n<em>N\u00e9met\u00fcl<\/em>: schlehdorn<br \/>\n<em>Angolul<\/em>: blackthorn, sloe<\/p>\n<p><strong>M\u00e1lna<\/strong><br \/>\n<em>M\u00e1sk\u00e9nt<\/em>: boldogasszony csipk\u00e9je, himp\u00e9r<br \/>\n<em>Rom\u00e1nul<\/em>: zmeur\u0103<br \/>\n<em>N\u00e9met\u00fcl<\/em>: himbeere<br \/>\n<em>Angolul<\/em>: raspberry<\/p>\n<p><strong>Narancs<\/strong><br \/>\n<em>M\u00e1sk\u00e9nt<\/em>: auranci, or\u00e1nzs<br \/>\n<em>Rom\u00e1nul<\/em>: portocal\u0103<br \/>\n<em>N\u00e9met\u00fcl<\/em>: apfelsine<br \/>\n<em>Angolul<\/em>: orange<\/p>\n<p><strong>Ribizli<\/strong><br \/>\n<em>M\u00e1sk\u00e9nt<\/em>: ribiszke, ribizke, piros ribizli, fekete ribizli<br \/>\n<em>Rom\u00e1nul<\/em>: coac\u0103z, coac\u0103z\u0103<br \/>\n<em>N\u00e9met\u00fcl<\/em>: ribisl, ribisel<br \/>\n<em>Angolul<\/em>: currant<\/p>\n<p><strong>Szilva<\/strong><br \/>\n<em>Rom\u00e1nul<\/em>: prune<br \/>\n<em>N\u00e9met\u00fcl<\/em>: zwetschge, pflaume<br \/>\n<em>Angolul<\/em>: plum, damson<\/p>\n<h4><span style=\"color: #800000;\">Z\u00f6lds\u00e9gek<\/span><\/h4>\n<p><strong>C\u00e9kla<\/strong><br \/>\n<em>M\u00e1sk\u00e9nt<\/em>: c\u00e9klar\u00e9pa, v\u00f6r\u00f6s r\u00e9pa<br \/>\n<em>Rom\u00e1nul<\/em>: sfecl\u0103<br \/>\n<em>N\u00e9met\u00fcl<\/em>: rote r\u00fcbe<br \/>\n<em>Angolul<\/em>: beet, remolacha<\/p>\n<p><strong>Paradicsom<\/strong><br \/>\n<em>M\u00e1sk\u00e9nt<\/em>: paradicska, tomata, tomat\u00f3<br \/>\n<em>Rom\u00e1nul<\/em>: ro\u0219ie<br \/>\n<em>N\u00e9met\u00fcl<\/em>: tomate<br \/>\n<em>Angolul<\/em>: tomato<\/p>\n<p><strong>Uborka<\/strong><br \/>\n<em>M\u00e1sk\u00e9nt<\/em>: ugorka<br \/>\n<em>Rom\u00e1nul<\/em>: castravete<br \/>\n<em>N\u00e9met\u00fcl<\/em>: gurke<br \/>\n<em>Angolul<\/em>: cucumber<\/p>\n","protected":false},"excerpt":{"rendered":"<p>A k\u00f6vetkez\u0151kben a f\u0151z\u00e9shez\/s\u00fct\u00e9shez k\u00f6thet\u0151 kifejez\u00e9sek helyi megnevez\u00e9se mellett a &#8222;hivatalos&#8221;, vagy ak\u00e1r egy\u00e9b n\u00e9pi megnevez\u00e9se, m\u00e1s nyelveken val\u00f3 azonos\u00edt\u00e1sa szerepel. F\u0171szerek \/ Gy\u00f3gyn\u00f6v\u00e9nyek \u00c1nizs M\u00e1sk\u00e9nt: \u00e1nizsmag, illatos \u00e1nizs, k\u00f6z\u00f6ns\u00e9ges \u00e1nizs, b\u00e9csi- vagy \u00e9desk\u00f6m\u00e9ny Rom\u00e1nul: anason N\u00e9met\u00fcl: anis Angolul: anise Bab\u00e9rlev\u00e9l M\u00e1sk\u00e9nt: albertlev\u00e9l, b\u00fcrb\u00e9rfa, szagos lev\u00e9l, illatfa Rom\u00e1nul: dafin N\u00e9met\u00fcl: lorbeerblatt Angolul: bay leaf Bazsalikom <br \/><a class=\"more\" href=\"https:\/\/www.szakacskonyv.ro\/?page_id=1393\">Read more <\/a><\/p>\n","protected":false},"author":2,"featured_media":0,"parent":0,"menu_order":0,"comment_status":"closed","ping_status":"closed","template":"","meta":{"footnotes":""},"class_list":["post-1393","page","type-page","status-publish","hentry"],"_links":{"self":[{"href":"https:\/\/www.szakacskonyv.ro\/index.php?rest_route=\/wp\/v2\/pages\/1393","targetHints":{"allow":["GET"]}}],"collection":[{"href":"https:\/\/www.szakacskonyv.ro\/index.php?rest_route=\/wp\/v2\/pages"}],"about":[{"href":"https:\/\/www.szakacskonyv.ro\/index.php?rest_route=\/wp\/v2\/types\/page"}],"author":[{"embeddable":true,"href":"https:\/\/www.szakacskonyv.ro\/index.php?rest_route=\/wp\/v2\/users\/2"}],"replies":[{"embeddable":true,"href":"https:\/\/www.szakacskonyv.ro\/index.php?rest_route=%2Fwp%2Fv2%2Fcomments&post=1393"}],"version-history":[{"count":79,"href":"https:\/\/www.szakacskonyv.ro\/index.php?rest_route=\/wp\/v2\/pages\/1393\/revisions"}],"predecessor-version":[{"id":1531,"href":"https:\/\/www.szakacskonyv.ro\/index.php?rest_route=\/wp\/v2\/pages\/1393\/revisions\/1531"}],"wp:attachment":[{"href":"https:\/\/www.szakacskonyv.ro\/index.php?rest_route=%2Fwp%2Fv2%2Fmedia&parent=1393"}],"curies":[{"name":"wp","href":"https:\/\/api.w.org\/{rel}","templated":true}]}}