{"id":470,"date":"2015-10-16T14:54:02","date_gmt":"2015-10-16T12:54:02","guid":{"rendered":"http:\/\/www.szakacskonyv.ro\/?page_id=470"},"modified":"2015-10-16T17:30:58","modified_gmt":"2015-10-16T15:30:58","slug":"rantas","status":"publish","type":"page","link":"http:\/\/www.szakacskonyv.ro\/?page_id=470","title":{"rendered":"R\u00e1nt\u00e1s"},"content":{"rendered":"<p>S\u0171r\u00edt\u00e9si elj\u00e1r\u00e1s &#8211; leveseket, f\u0151zel\u00e9keket, m\u00e1rt\u00e1sokat s\u0171r\u00edtj\u00fck, \u00edzes\u00edtj\u00fck a<strong> r\u00e1nt\u00e1s<\/strong>sal.<\/p>\n<p>Az elj\u00e1r\u00e1s l\u00e9nyege: kev\u00e9s forr\u00f3 zsirad\u00e9kba (zs\u00edr, olaj, vaj, &#8230;) belesz\u00f3rjuk a lisztet, majd m\u00e9rs\u00e9kelt t\u0171z\u00f6n, gyakorta kevergetve pir\u00edtjuk. A pir\u00edt\u00e1s er\u0151ss\u00e9ge a k\u00e9sz\u00fcl\u0151 \u00e9tel karakter\u00e9t\u0151l f\u00fcgg &#8211; a vil\u00e1gosabb levesek, f\u0151zel\u00e9k vil\u00e1gosabb, m\u00edg a s\u00f6t\u00e9tebbek barn\u00e1bb r\u00e1nt\u00e1st ig\u00e9nyelnek.<\/p>\n<p>A k\u00e9sz r\u00e1nt\u00e1st annyi v\u00edzzel (tejjel, stb.) h\u00edg\u00edtjuk, amennyivel sim\u00e1ra tudjuk keverni. Fontos tudnival\u00f3, hogy a hideg r\u00e1nt\u00e1st forr\u00f3-, m\u00edg a meleg r\u00e1nt\u00e1st hideg folyad\u00e9kkal engedj\u00fck fel, gyorsan keverve, hogy csom\u00f3s ne legyen.<\/p>\n<p>Az elk\u00e9sz\u00fclt r\u00e1nt\u00e1st keveset h\u0171lni hagyjuk, majd engedj\u00fck fel az \u00e9tel f\u0151z\u0151v\u00edz\u00e9vel &#8211; keverj\u00fck el, majd adjuk a forr\u00e1sban lev\u0151 \u00e9telhez, m\u00e9g 3-4 percig tov\u00e1bb forralva az eg\u00e9szet.<\/p>\n<p>Egyes receptek f\u0171szereket k\u00e9rhetnek a r\u00e1nt\u00e1shoz. \u00dcgyelni kell arra, hogy r\u00e1nt\u00e1sba ker\u00fcl\u0151 z\u00fazott fokhagym\u00e1t, petrezselymet \u00e9s minden f\u0171szerf\u00e9l\u00e9t (k\u00fcl\u00f6n\u00f6sen a f\u0171szerpaprik\u00e1t) csak a t\u0171zr\u0151l levett, h\u0171l\u0151f\u00e9lben l\u00e9v\u0151 r\u00e1nt\u00e1sba keverj\u00fck, mert ezek k\u00f6nnyen meg\u00e9gnek, \u00e9s keser\u0171 \u00edz\u00fckkel elrontj\u00e1k az \u00e9tel \u00edz\u00e9t.<\/p>\n<p><center><img loading=\"lazy\" decoding=\"async\" class=\"size-full wp-image-514 aligncenter\" src=\"http:\/\/www.szakacskonyv.ro\/wp-content\/uploads\/2015\/10\/vonalrajz_003.png\" alt=\"vonalrajz_003\" width=\"267\" height=\"189\" \/><\/center><\/p>\n","protected":false},"excerpt":{"rendered":"<p>S\u0171r\u00edt\u00e9si elj\u00e1r\u00e1s &#8211; leveseket, f\u0151zel\u00e9keket, m\u00e1rt\u00e1sokat s\u0171r\u00edtj\u00fck, \u00edzes\u00edtj\u00fck a r\u00e1nt\u00e1ssal. Az elj\u00e1r\u00e1s l\u00e9nyege: kev\u00e9s forr\u00f3 zsirad\u00e9kba (zs\u00edr, olaj, vaj, &#8230;) belesz\u00f3rjuk a lisztet, majd m\u00e9rs\u00e9kelt t\u0171z\u00f6n, gyakorta kevergetve pir\u00edtjuk. A pir\u00edt\u00e1s er\u0151ss\u00e9ge a k\u00e9sz\u00fcl\u0151 \u00e9tel karakter\u00e9t\u0151l f\u00fcgg &#8211; a vil\u00e1gosabb levesek, f\u0151zel\u00e9k vil\u00e1gosabb, m\u00edg a s\u00f6t\u00e9tebbek barn\u00e1bb r\u00e1nt\u00e1st ig\u00e9nyelnek. A k\u00e9sz r\u00e1nt\u00e1st annyi v\u00edzzel (tejjel, <br \/><a class=\"more\" href=\"http:\/\/www.szakacskonyv.ro\/?page_id=470\">Read more <\/a><\/p>\n","protected":false},"author":2,"featured_media":0,"parent":445,"menu_order":0,"comment_status":"closed","ping_status":"closed","template":"","meta":{"footnotes":""},"class_list":["post-470","page","type-page","status-publish","hentry"],"_links":{"self":[{"href":"http:\/\/www.szakacskonyv.ro\/index.php?rest_route=\/wp\/v2\/pages\/470","targetHints":{"allow":["GET"]}}],"collection":[{"href":"http:\/\/www.szakacskonyv.ro\/index.php?rest_route=\/wp\/v2\/pages"}],"about":[{"href":"http:\/\/www.szakacskonyv.ro\/index.php?rest_route=\/wp\/v2\/types\/page"}],"author":[{"embeddable":true,"href":"http:\/\/www.szakacskonyv.ro\/index.php?rest_route=\/wp\/v2\/users\/2"}],"replies":[{"embeddable":true,"href":"http:\/\/www.szakacskonyv.ro\/index.php?rest_route=%2Fwp%2Fv2%2Fcomments&post=470"}],"version-history":[{"count":7,"href":"http:\/\/www.szakacskonyv.ro\/index.php?rest_route=\/wp\/v2\/pages\/470\/revisions"}],"predecessor-version":[{"id":515,"href":"http:\/\/www.szakacskonyv.ro\/index.php?rest_route=\/wp\/v2\/pages\/470\/revisions\/515"}],"up":[{"embeddable":true,"href":"http:\/\/www.szakacskonyv.ro\/index.php?rest_route=\/wp\/v2\/pages\/445"}],"wp:attachment":[{"href":"http:\/\/www.szakacskonyv.ro\/index.php?rest_route=%2Fwp%2Fv2%2Fmedia&parent=470"}],"curies":[{"name":"wp","href":"https:\/\/api.w.org\/{rel}","templated":true}]}}