{"id":2,"date":"2015-07-05T11:15:29","date_gmt":"2015-07-05T11:15:29","guid":{"rendered":"http:\/\/www.szakacskonyv.ro\/?page_id=2"},"modified":"2016-10-22T09:18:44","modified_gmt":"2016-10-22T07:18:44","slug":"ez-egy-minta-oldal","status":"publish","type":"page","link":"http:\/\/www.szakacskonyv.ro\/?page_id=2","title":{"rendered":"R\u00f3lunk"},"content":{"rendered":"<p>&nbsp;<\/p>\n<p>Szeretj\u00fck egym\u00e1st meglepni. Szeret\u00fcnk finomakat k\u00e9sz\u00edteni. Szeret\u00fcnk sz\u00e9pet k\u00e9sz\u00edteni. Szeretj\u00fck egy\u00fctt elfogyasztani &#8230;<\/p>\n<p>Receptek a konyh\u00e1nkb\u00f3l &#8230; szeretettel ;) &#8230;<\/p>\n<p>&nbsp;<\/p>\n<p><em><strong>Csaba \u00e9s Olgi<\/strong><\/em><\/p>\n<p><img loading=\"lazy\" decoding=\"async\" class=\"wp-image-1021 aligncenter\" src=\"http:\/\/www.szakacskonyv.ro\/wp-content\/uploads\/2016\/10\/lo_jacs_04.png\" alt=\"Csaba &amp; Olgi\" width=\"491\" height=\"227\" srcset=\"http:\/\/www.szakacskonyv.ro\/wp-content\/uploads\/2016\/10\/lo_jacs_04.png 800w, http:\/\/www.szakacskonyv.ro\/wp-content\/uploads\/2016\/10\/lo_jacs_04-300x138.png 300w, http:\/\/www.szakacskonyv.ro\/wp-content\/uploads\/2016\/10\/lo_jacs_04-768x354.png 768w\" sizes=\"auto, (max-width: 491px) 100vw, 491px\" \/><\/p>\n<p>&nbsp;<\/p>\n<p><span style=\"font-size: 13px;\">Az oldalon tal\u00e1lhat\u00f3 <strong>digit\u00e1lis szak\u00e1csk\u00f6nyv<\/strong>\u00fcnkben r\u00e9sz\u00fcnkr\u0151l kitapasztalt, illetve k\u00fcl\u00f6nb\u00f6z\u0151 forr\u00e1sokb\u00f3l sz\u00e1rmaz\u00f3 le\u00edr\u00e1sok alapj\u00e1n, kiz\u00e1r\u00f3lag \u00e1ltalunk\u00a0 elk\u00e9sz\u00edtett &#8211; t\u00f6bbnyire egy sz\u00e9kely konyh\u00e1ban mindennapinak sz\u00e1m\u00edt\u00f3, megszokott &#8211; \u00e9tkek receptjei tal\u00e1lhat\u00f3ak saj\u00e1t fot\u00f3kkal.<\/span><\/p>\n<p><span style=\"font-size: 13px;\">A szak\u00e1csk\u00f6nyvben j\u00f3 keresg\u00e9l\u00e9st, a receptekhez r\u00e1hangol\u00f3d\u00e1st, az elk\u00e9sz\u00fclt \u00e9tkekhez pedig j\u00f3 \u00e9tv\u00e1gyat k\u00edv\u00e1nunk. V\u00e9gezet\u00fcl: tapasztalatokat, pozit\u00edv hangv\u00e9tel\u0171 kritik\u00e1t, javaslatokat sz\u00edvesen vesz\u00fcnk &#8230;<\/span><\/p>\n<p><em>\u00a0<\/em><\/p>\n","protected":false},"excerpt":{"rendered":"<p>&nbsp; Szeretj\u00fck egym\u00e1st meglepni. Szeret\u00fcnk finomakat k\u00e9sz\u00edteni. Szeret\u00fcnk sz\u00e9pet k\u00e9sz\u00edteni. Szeretj\u00fck egy\u00fctt elfogyasztani &#8230; Receptek a konyh\u00e1nkb\u00f3l &#8230; szeretettel ;) &#8230; &nbsp; Csaba \u00e9s Olgi &nbsp; Az oldalon tal\u00e1lhat\u00f3 digit\u00e1lis szak\u00e1csk\u00f6nyv\u00fcnkben r\u00e9sz\u00fcnkr\u0151l kitapasztalt, illetve k\u00fcl\u00f6nb\u00f6z\u0151 forr\u00e1sokb\u00f3l sz\u00e1rmaz\u00f3 le\u00edr\u00e1sok alapj\u00e1n, kiz\u00e1r\u00f3lag \u00e1ltalunk\u00a0 elk\u00e9sz\u00edtett &#8211; t\u00f6bbnyire egy sz\u00e9kely konyh\u00e1ban mindennapinak sz\u00e1m\u00edt\u00f3, megszokott &#8211; \u00e9tkek receptjei tal\u00e1lhat\u00f3ak saj\u00e1t <br \/><a class=\"more\" href=\"http:\/\/www.szakacskonyv.ro\/?page_id=2\">Read more <\/a><\/p>\n","protected":false},"author":1,"featured_media":0,"parent":0,"menu_order":0,"comment_status":"open","ping_status":"open","template":"","meta":{"footnotes":""},"class_list":["post-2","page","type-page","status-publish","hentry"],"_links":{"self":[{"href":"http:\/\/www.szakacskonyv.ro\/index.php?rest_route=\/wp\/v2\/pages\/2","targetHints":{"allow":["GET"]}}],"collection":[{"href":"http:\/\/www.szakacskonyv.ro\/index.php?rest_route=\/wp\/v2\/pages"}],"about":[{"href":"http:\/\/www.szakacskonyv.ro\/index.php?rest_route=\/wp\/v2\/types\/page"}],"author":[{"embeddable":true,"href":"http:\/\/www.szakacskonyv.ro\/index.php?rest_route=\/wp\/v2\/users\/1"}],"replies":[{"embeddable":true,"href":"http:\/\/www.szakacskonyv.ro\/index.php?rest_route=%2Fwp%2Fv2%2Fcomments&post=2"}],"version-history":[{"count":28,"href":"http:\/\/www.szakacskonyv.ro\/index.php?rest_route=\/wp\/v2\/pages\/2\/revisions"}],"predecessor-version":[{"id":1105,"href":"http:\/\/www.szakacskonyv.ro\/index.php?rest_route=\/wp\/v2\/pages\/2\/revisions\/1105"}],"wp:attachment":[{"href":"http:\/\/www.szakacskonyv.ro\/index.php?rest_route=%2Fwp%2Fv2%2Fmedia&parent=2"}],"curies":[{"name":"wp","href":"https:\/\/api.w.org\/{rel}","templated":true}]}}