{"id":1206,"date":"2017-01-07T15:11:38","date_gmt":"2017-01-07T13:11:38","guid":{"rendered":"http:\/\/www.szakacskonyv.ro\/?page_id=1206"},"modified":"2020-11-03T16:55:50","modified_gmt":"2020-11-03T14:55:50","slug":"1206-2","status":"publish","type":"page","link":"http:\/\/www.szakacskonyv.ro\/?page_id=1206","title":{"rendered":"Tartalom bet\u0171rendben"},"content":{"rendered":"<h5><img loading=\"lazy\" decoding=\"async\" class=\"alignleft size-full wp-image-1243\" src=\"http:\/\/www.szakacskonyv.ro\/wp-content\/uploads\/2017\/01\/space.png\" alt=\"\" width=\"10\" height=\"5\" \/>Receptek<\/h5>\n<p><img loading=\"lazy\" decoding=\"async\" class=\"size-full wp-image-1243 alignnone\" src=\"http:\/\/www.szakacskonyv.ro\/wp-content\/uploads\/2017\/01\/space.png\" alt=\"\" width=\"20\" height=\"5\" \/><a href=\"http:\/\/www.szakacskonyv.ro\/?p=593\">Amerikai palacsinta<\/a><br \/>\n<img loading=\"lazy\" decoding=\"async\" class=\"alignleft size-full wp-image-1243\" src=\"http:\/\/www.szakacskonyv.ro\/wp-content\/uploads\/2017\/01\/space.png\" alt=\"\" width=\"20\" height=\"5\" \/><a href=\"http:\/\/www.szakacskonyv.ro\/?p=207\">Bableves cs\u00fcl\u00f6kkel<\/a><br \/>\n<img loading=\"lazy\" decoding=\"async\" class=\"alignleft size-full wp-image-1243\" src=\"http:\/\/www.szakacskonyv.ro\/wp-content\/uploads\/2017\/01\/space.png\" alt=\"\" width=\"20\" height=\"5\" \/><a href=\"http:\/\/www.szakacskonyv.ro\/?p=121\">Brokkoli kr\u00e9mleves<\/a><br \/>\n<img loading=\"lazy\" decoding=\"async\" class=\"alignleft size-full wp-image-1243\" src=\"http:\/\/www.szakacskonyv.ro\/wp-content\/uploads\/2017\/01\/space.png\" alt=\"\" width=\"20\" height=\"5\" \/><a href=\"http:\/\/www.szakacskonyv.ro\/?p=1107\">Csirkeleves<\/a><br \/>\n<img loading=\"lazy\" decoding=\"async\" class=\"alignleft size-full wp-image-1243\" src=\"http:\/\/www.szakacskonyv.ro\/wp-content\/uploads\/2017\/01\/space.png\" alt=\"\" width=\"20\" height=\"5\" \/><a href=\"http:\/\/www.szakacskonyv.ro\/?p=106\">Csirkem\u00e1j baconben<\/a><br \/>\n<img loading=\"lazy\" decoding=\"async\" class=\"alignleft size-full wp-image-1243\" src=\"http:\/\/www.szakacskonyv.ro\/wp-content\/uploads\/2017\/01\/space.png\" alt=\"\" width=\"20\" height=\"5\" \/><a href=\"http:\/\/www.szakacskonyv.ro\/?p=179\">Csokis alm\u00e1s<\/a><br \/>\n<img loading=\"lazy\" decoding=\"async\" class=\"alignleft size-full wp-image-1243\" src=\"http:\/\/www.szakacskonyv.ro\/wp-content\/uploads\/2017\/01\/space.png\" alt=\"\" width=\"20\" height=\"5\" \/><a href=\"http:\/\/www.szakacskonyv.ro\/?p=77\">Dar\u00e1zsf\u00e9szek<\/a><br \/>\n<img loading=\"lazy\" decoding=\"async\" class=\"alignleft size-full wp-image-1243\" src=\"http:\/\/www.szakacskonyv.ro\/wp-content\/uploads\/2017\/01\/space.png\" alt=\"\" width=\"20\" height=\"5\" \/><a href=\"http:\/\/www.szakacskonyv.ro\/?p=322\">Di\u00f3s kifli<\/a><br \/>\n<img loading=\"lazy\" decoding=\"async\" class=\"alignleft size-full wp-image-1243\" src=\"http:\/\/www.szakacskonyv.ro\/wp-content\/uploads\/2017\/01\/space.png\" alt=\"\" width=\"20\" height=\"5\" \/><a href=\"http:\/\/www.szakacskonyv.ro\/?p=1734\">Di\u00f3s tekercs<\/a><br \/>\n<img loading=\"lazy\" decoding=\"async\" class=\"alignleft size-full wp-image-1243\" src=\"http:\/\/www.szakacskonyv.ro\/wp-content\/uploads\/2017\/01\/space.png\" alt=\"\" width=\"20\" height=\"5\" \/><a href=\"http:\/\/www.szakacskonyv.ro\/?p=703\">\u00c9des-cs\u00edp\u0151s csirkemell gomb\u00e1val<\/a><br \/>\n<img loading=\"lazy\" decoding=\"async\" class=\"alignleft size-full wp-image-1243\" src=\"http:\/\/www.szakacskonyv.ro\/wp-content\/uploads\/2017\/01\/space.png\" alt=\"\" width=\"20\" height=\"5\" \/><a href=\"http:\/\/www.szakacskonyv.ro\/?p=1584\">Eperlekv\u00e1r<\/a><br \/>\n<img loading=\"lazy\" decoding=\"async\" class=\"alignleft size-full wp-image-1243\" src=\"http:\/\/www.szakacskonyv.ro\/wp-content\/uploads\/2017\/01\/space.png\" alt=\"\" width=\"20\" height=\"5\" \/><a href=\"http:\/\/www.szakacskonyv.ro\/?p=1079\">Fas\u00edrt<\/a><br \/>\n<img loading=\"lazy\" decoding=\"async\" class=\"alignleft size-full wp-image-1243\" src=\"http:\/\/www.szakacskonyv.ro\/wp-content\/uploads\/2017\/01\/space.png\" alt=\"\" width=\"20\" height=\"5\" \/><a href=\"http:\/\/www.szakacskonyv.ro\/?p=1054\">Hagym\u00e1s csirkem\u00e1j<\/a><br \/>\n<img loading=\"lazy\" decoding=\"async\" class=\"alignleft size-full wp-image-1243\" src=\"http:\/\/www.szakacskonyv.ro\/wp-content\/uploads\/2017\/01\/space.png\" alt=\"\" width=\"20\" height=\"5\" \/><a href=\"http:\/\/www.szakacskonyv.ro\/?p=810\">Hagyom\u00e1nyos palacsinta<\/a><br \/>\n<img loading=\"lazy\" decoding=\"async\" class=\"alignleft size-full wp-image-1243\" src=\"http:\/\/www.szakacskonyv.ro\/wp-content\/uploads\/2017\/01\/space.png\" alt=\"\" width=\"20\" height=\"5\" \/><a href=\"http:\/\/www.szakacskonyv.ro\/?p=621\">Kar\u00e1csonyfa s\u00fcti<\/a><br \/>\n<img loading=\"lazy\" decoding=\"async\" class=\"alignleft size-full wp-image-1243\" src=\"http:\/\/www.szakacskonyv.ro\/wp-content\/uploads\/2017\/01\/space.png\" alt=\"\" width=\"20\" height=\"5\" \/><a href=\"http:\/\/www.szakacskonyv.ro\/?p=1542\">Kati t\u00e9szta<\/a><br \/>\n<img loading=\"lazy\" decoding=\"async\" class=\"alignleft size-full wp-image-1243\" src=\"http:\/\/www.szakacskonyv.ro\/wp-content\/uploads\/2017\/01\/space.png\" alt=\"\" width=\"20\" height=\"5\" \/><a href=\"http:\/\/www.szakacskonyv.ro\/?p=1699\">Karal\u00e1b\u00e9leves<\/a><br \/>\n<img loading=\"lazy\" decoding=\"async\" class=\"alignleft size-full wp-image-1243\" src=\"http:\/\/www.szakacskonyv.ro\/wp-content\/uploads\/2017\/01\/space.png\" alt=\"\" width=\"20\" height=\"5\" \/><a href=\"http:\/\/www.szakacskonyv.ro\/?p=611\">Kentucky csirke<\/a><br \/>\n<img loading=\"lazy\" decoding=\"async\" class=\"alignleft size-full wp-image-1243\" src=\"http:\/\/www.szakacskonyv.ro\/wp-content\/uploads\/2017\/01\/space.png\" alt=\"\" width=\"20\" height=\"5\" \/><a href=\"http:\/\/www.szakacskonyv.ro\/?p=974\">Krumplitok\u00e1ny<\/a><br \/>\n<img loading=\"lazy\" decoding=\"async\" class=\"alignleft size-full wp-image-1243\" src=\"http:\/\/www.szakacskonyv.ro\/wp-content\/uploads\/2017\/01\/space.png\" alt=\"\" width=\"20\" height=\"5\" \/><a href=\"http:\/\/www.szakacskonyv.ro\/?p=333\">Lucskos k\u00e1poszta<\/a><br \/>\n<img loading=\"lazy\" decoding=\"async\" class=\"alignleft size-full wp-image-1243\" src=\"http:\/\/www.szakacskonyv.ro\/wp-content\/uploads\/2017\/01\/space.png\" alt=\"\" width=\"20\" height=\"5\" \/><a href=\"http:\/\/www.szakacskonyv.ro\/?p=1187\">M\u00e1kos bejgli<\/a><br \/>\n<img loading=\"lazy\" decoding=\"async\" class=\"alignleft size-full wp-image-1243\" src=\"http:\/\/www.szakacskonyv.ro\/wp-content\/uploads\/2017\/01\/space.png\" alt=\"\" width=\"20\" height=\"5\" \/><a href=\"http:\/\/www.szakacskonyv.ro\/?p=656\">Marhanyelv vadason<\/a><br \/>\n<img loading=\"lazy\" decoding=\"async\" class=\"alignleft size-full wp-image-1243\" src=\"http:\/\/www.szakacskonyv.ro\/wp-content\/uploads\/2017\/01\/space.png\" alt=\"\" width=\"20\" height=\"5\" \/><a href=\"http:\/\/www.szakacskonyv.ro\/?p=569\">Meggyes muffin<\/a><br \/>\n<img loading=\"lazy\" decoding=\"async\" class=\"alignleft size-full wp-image-1243\" src=\"http:\/\/www.szakacskonyv.ro\/wp-content\/uploads\/2017\/01\/space.png\" alt=\"\" width=\"20\" height=\"5\" \/><a href=\"http:\/\/www.szakacskonyv.ro\/?p=1\">Meggyes pite<\/a><br \/>\n<img loading=\"lazy\" decoding=\"async\" class=\"alignleft size-full wp-image-1243\" src=\"http:\/\/www.szakacskonyv.ro\/wp-content\/uploads\/2017\/01\/space.png\" alt=\"\" width=\"20\" height=\"5\" \/><a href=\"http:\/\/www.szakacskonyv.ro\/?p=1782\">Parasztcsorba<\/a><br \/>\n<img loading=\"lazy\" decoding=\"async\" class=\"alignleft size-full wp-image-1243\" src=\"http:\/\/www.szakacskonyv.ro\/wp-content\/uploads\/2017\/01\/space.png\" alt=\"\" width=\"20\" height=\"5\" \/><a href=\"http:\/\/www.szakacskonyv.ro\/?p=91\">Parasztr\u00e9tes<\/a><br \/>\n<img loading=\"lazy\" decoding=\"async\" class=\"alignleft size-full wp-image-1243\" src=\"http:\/\/www.szakacskonyv.ro\/wp-content\/uploads\/2017\/01\/space.png\" alt=\"\" width=\"20\" height=\"5\" \/><a href=\"http:\/\/www.szakacskonyv.ro\/?p=51\">Pizza<\/a><br \/>\n<img loading=\"lazy\" decoding=\"async\" class=\"alignleft size-full wp-image-1243\" src=\"http:\/\/www.szakacskonyv.ro\/wp-content\/uploads\/2017\/01\/space.png\" alt=\"\" width=\"20\" height=\"5\" \/><a href=\"http:\/\/www.szakacskonyv.ro\/?p=147\">Pog\u00e1csa t\u00f6kmaggal<\/a><br \/>\n<img loading=\"lazy\" decoding=\"async\" class=\"alignleft size-full wp-image-1243\" src=\"http:\/\/www.szakacskonyv.ro\/wp-content\/uploads\/2017\/01\/space.png\" alt=\"\" width=\"20\" height=\"5\" \/><a href=\"http:\/\/www.szakacskonyv.ro\/?p=894\">Sajtkr\u00e9mleves<\/a><br \/>\n<img loading=\"lazy\" decoding=\"async\" class=\"alignleft size-full wp-image-1243\" src=\"http:\/\/www.szakacskonyv.ro\/wp-content\/uploads\/2017\/01\/space.png\" alt=\"\" width=\"20\" height=\"5\" \/><a href=\"http:\/\/www.szakacskonyv.ro\/?p=167\">Sajtos csirkemell<\/a><br \/>\n<img loading=\"lazy\" decoding=\"async\" class=\"alignleft size-full wp-image-1243\" src=\"http:\/\/www.szakacskonyv.ro\/wp-content\/uploads\/2017\/01\/space.png\" alt=\"\" width=\"20\" height=\"5\" \/><a href=\"http:\/\/www.szakacskonyv.ro\/?p=651\">S\u00fclt b\u00e1r\u00e1nycomb<\/a><br \/>\n<img loading=\"lazy\" decoding=\"async\" class=\"alignleft size-full wp-image-1243\" src=\"http:\/\/www.szakacskonyv.ro\/wp-content\/uploads\/2017\/01\/space.png\" alt=\"\" width=\"20\" height=\"5\" \/><a href=\"http:\/\/www.szakacskonyv.ro\/?p=404\">S\u00fclt pulykacomb<\/a><br \/>\n<img loading=\"lazy\" decoding=\"async\" class=\"alignleft size-full wp-image-1243\" src=\"http:\/\/www.szakacskonyv.ro\/wp-content\/uploads\/2017\/01\/space.png\" alt=\"\" width=\"20\" height=\"5\" \/><a href=\"http:\/\/www.szakacskonyv.ro\/?p=1038\">Szilv\u00e1s gomb\u00f3c<\/a><br \/>\n<img loading=\"lazy\" decoding=\"async\" class=\"alignleft size-full wp-image-1243\" src=\"http:\/\/www.szakacskonyv.ro\/wp-content\/uploads\/2017\/01\/space.png\" alt=\"\" width=\"20\" height=\"5\" \/><a href=\"http:\/\/www.szakacskonyv.ro\/?p=66\">Szilv\u00e1s lep\u00e9ny<\/a><br \/>\n<img loading=\"lazy\" decoding=\"async\" class=\"alignleft size-full wp-image-1243\" src=\"http:\/\/www.szakacskonyv.ro\/wp-content\/uploads\/2017\/01\/space.png\" alt=\"\" width=\"20\" height=\"5\" \/><a href=\"http:\/\/www.szakacskonyv.ro\/?p=554\">T\u00e1rkonyos csirkeragu leves<\/a><br \/>\n<img loading=\"lazy\" decoding=\"async\" class=\"alignleft size-full wp-image-1243\" src=\"http:\/\/www.szakacskonyv.ro\/wp-content\/uploads\/2017\/01\/space.png\" alt=\"\" width=\"20\" height=\"5\" \/><a href=\"http:\/\/www.szakacskonyv.ro\/?p=934\">Tat\u00e1rbifsztek<\/a><br \/>\n<img loading=\"lazy\" decoding=\"async\" class=\"alignleft size-full wp-image-1243\" src=\"http:\/\/www.szakacskonyv.ro\/wp-content\/uploads\/2017\/01\/space.png\" alt=\"\" width=\"20\" height=\"5\" \/><a href=\"http:\/\/www.szakacskonyv.ro\/?p=35\">Teh\u00e9nt\u00far\u00f3s s\u00fcti<\/a><br \/>\n<img loading=\"lazy\" decoding=\"async\" class=\"alignleft size-full wp-image-1243\" src=\"http:\/\/www.szakacskonyv.ro\/wp-content\/uploads\/2017\/01\/space.png\" alt=\"\" width=\"20\" height=\"5\" \/><a href=\"http:\/\/www.szakacskonyv.ro\/?p=1296\">Tejf\u00f6l\u00f6s csirkepaprik\u00e1s<\/a><br \/>\n<img loading=\"lazy\" decoding=\"async\" class=\"alignleft size-full wp-image-1243\" src=\"http:\/\/www.szakacskonyv.ro\/wp-content\/uploads\/2017\/01\/space.png\" alt=\"\" width=\"20\" height=\"5\" \/><a href=\"http:\/\/www.szakacskonyv.ro\/?p=1141\">Toj\u00e1smentes muffin<\/a><br \/>\n<img loading=\"lazy\" decoding=\"async\" class=\"alignleft size-full wp-image-1243\" src=\"http:\/\/www.szakacskonyv.ro\/wp-content\/uploads\/2017\/01\/space.png\" alt=\"\" width=\"20\" height=\"5\" \/><a href=\"http:\/\/www.szakacskonyv.ro\/?p=1330\">T\u00f6lt\u00f6tt k\u00e1poszta<\/a><br \/>\n<img loading=\"lazy\" decoding=\"async\" class=\"alignleft size-full wp-image-1243\" src=\"http:\/\/www.szakacskonyv.ro\/wp-content\/uploads\/2017\/01\/space.png\" alt=\"\" width=\"20\" height=\"5\" \/><a href=\"http:\/\/www.szakacskonyv.ro\/?p=1699\">T\u00f6lt\u00f6tt karal\u00e1b\u00e9leves<\/a><br \/>\n<img loading=\"lazy\" decoding=\"async\" class=\"alignleft size-full wp-image-1243\" src=\"http:\/\/www.szakacskonyv.ro\/wp-content\/uploads\/2017\/01\/space.png\" alt=\"\" width=\"20\" height=\"5\" \/><a href=\"http:\/\/www.szakacskonyv.ro\/?p=993\">T\u00f6lt\u00f6tt paprika<\/a><br \/>\n<img loading=\"lazy\" decoding=\"async\" class=\"alignleft size-full wp-image-1243\" src=\"http:\/\/www.szakacskonyv.ro\/wp-content\/uploads\/2017\/01\/space.png\" alt=\"\" width=\"20\" height=\"5\" \/><a href=\"http:\/\/www.szakacskonyv.ro\/?p=287\">T\u00f6lt\u00f6tt t\u00f6k<\/a><br \/>\n<img loading=\"lazy\" decoding=\"async\" class=\"alignleft size-full wp-image-1243\" src=\"http:\/\/www.szakacskonyv.ro\/wp-content\/uploads\/2017\/01\/space.png\" alt=\"\" width=\"20\" height=\"5\" \/><a href=\"http:\/\/www.szakacskonyv.ro\/?p=1759\">T\u00far\u00f3s bukta<\/a><br \/>\n<img loading=\"lazy\" decoding=\"async\" class=\"alignleft size-full wp-image-1243\" src=\"http:\/\/www.szakacskonyv.ro\/wp-content\/uploads\/2017\/01\/space.png\" alt=\"\" width=\"20\" height=\"5\" \/><a href=\"http:\/\/www.szakacskonyv.ro\/?p=427\">Z\u00f6ld-paszuly leves<\/a><br \/>\n<img loading=\"lazy\" decoding=\"async\" class=\"alignleft size-full wp-image-1243\" src=\"http:\/\/www.szakacskonyv.ro\/wp-content\/uploads\/2017\/01\/space.png\" alt=\"\" width=\"20\" height=\"5\" \/><a href=\"http:\/\/www.szakacskonyv.ro\/?p=367\">Z\u00fazap\u00f6rk\u00f6lt<\/a><\/p>\n<h5><img loading=\"lazy\" decoding=\"async\" class=\"alignleft size-full wp-image-1243\" src=\"http:\/\/www.szakacskonyv.ro\/wp-content\/uploads\/2017\/01\/space.png\" alt=\"\" width=\"10\" height=\"5\" \/>Hozz\u00e1val\u00f3k<\/h5>\n<p><img loading=\"lazy\" decoding=\"async\" class=\"alignleft size-full wp-image-1243\" src=\"http:\/\/www.szakacskonyv.ro\/wp-content\/uploads\/2017\/01\/space.png\" alt=\"\" width=\"20\" height=\"5\" \/><a href=\"http:\/\/www.szakacskonyv.ro\/?page_id=863\">Bors<\/a><br \/>\n<img loading=\"lazy\" decoding=\"async\" class=\"alignleft size-full wp-image-1243\" src=\"http:\/\/www.szakacskonyv.ro\/wp-content\/uploads\/2017\/01\/space.png\" alt=\"\" width=\"20\" height=\"5\" \/><a href=\"http:\/\/www.szakacskonyv.ro\/?page_id=478\">F\u0171szerek<\/a><br \/>\n<img loading=\"lazy\" decoding=\"async\" class=\"alignleft size-full wp-image-1243\" src=\"http:\/\/www.szakacskonyv.ro\/wp-content\/uploads\/2017\/01\/space.png\" alt=\"\" width=\"20\" height=\"5\" \/><a href=\"http:\/\/www.szakacskonyv.ro\/?page_id=781\">Konyhas\u00f3<\/a><br \/>\n<img loading=\"lazy\" decoding=\"async\" class=\"alignleft size-full wp-image-1243\" src=\"http:\/\/www.szakacskonyv.ro\/wp-content\/uploads\/2017\/01\/space.png\" alt=\"\" width=\"20\" height=\"5\" \/><a href=\"http:\/\/www.szakacskonyv.ro\/?page_id=749\">Napraforg\u00f3 olaj<\/a><br \/>\n<img loading=\"lazy\" decoding=\"async\" class=\"alignleft size-full wp-image-1243\" src=\"http:\/\/www.szakacskonyv.ro\/wp-content\/uploads\/2017\/01\/space.png\" alt=\"\" width=\"20\" height=\"5\" \/><a href=\"http:\/\/www.szakacskonyv.ro\/?page_id=721\">Ol\u00edvaolaj<\/a><\/p>\n<h5><img loading=\"lazy\" decoding=\"async\" class=\"alignleft size-full wp-image-1243\" src=\"http:\/\/www.szakacskonyv.ro\/wp-content\/uploads\/2017\/01\/space.png\" alt=\"\" width=\"10\" height=\"5\" \/>Egy\u00e9b<\/h5>\n<p><img loading=\"lazy\" decoding=\"async\" class=\"alignleft size-full wp-image-1243\" src=\"http:\/\/www.szakacskonyv.ro\/wp-content\/uploads\/2017\/01\/space.png\" alt=\"\" width=\"20\" height=\"5\" \/><a href=\"http:\/\/www.szakacskonyv.ro\/?page_id=449\">Dinsztel\u00e9s<\/a><br \/>\n<img loading=\"lazy\" decoding=\"async\" class=\"alignleft size-full wp-image-1243\" src=\"http:\/\/www.szakacskonyv.ro\/wp-content\/uploads\/2017\/01\/space.png\" alt=\"\" width=\"20\" height=\"5\" \/><a href=\"http:\/\/www.szakacskonyv.ro\/?page_id=1127\">Ereszt\u00e9k<\/a><br \/>\n<img loading=\"lazy\" decoding=\"async\" class=\"alignleft size-full wp-image-1243\" src=\"http:\/\/www.szakacskonyv.ro\/wp-content\/uploads\/2017\/01\/space.png\" alt=\"\" width=\"20\" height=\"5\" \/><a href=\"http:\/\/www.szakacskonyv.ro\/?page_id=1322\">Fokhagym\u00e1s muzsgy\u00e9<\/a><br \/>\n<img loading=\"lazy\" decoding=\"async\" class=\"alignleft size-full wp-image-1243\" src=\"http:\/\/www.szakacskonyv.ro\/wp-content\/uploads\/2017\/01\/space.png\" alt=\"\" width=\"20\" height=\"5\" \/><a href=\"http:\/\/www.szakacskonyv.ro\/?page_id=458\">P\u00e1rol\u00e1s<\/a><br \/>\n<img loading=\"lazy\" decoding=\"async\" class=\"alignleft size-full wp-image-1243\" src=\"http:\/\/www.szakacskonyv.ro\/wp-content\/uploads\/2017\/01\/space.png\" alt=\"\" width=\"20\" height=\"5\" \/><a href=\"http:\/\/www.szakacskonyv.ro\/?page_id=470\">R\u00e1nt\u00e1s<\/a><br \/>\n<img loading=\"lazy\" decoding=\"async\" class=\"alignleft size-full wp-image-1243\" src=\"http:\/\/www.szakacskonyv.ro\/wp-content\/uploads\/2017\/01\/space.png\" alt=\"\" width=\"20\" height=\"5\" \/><a href=\"http:\/\/www.szakacskonyv.ro\/?page_id=1393\">Sz\u00f3t\u00e1r<\/a><br \/>\n<img loading=\"lazy\" decoding=\"async\" class=\"alignleft size-full wp-image-1243\" src=\"http:\/\/www.szakacskonyv.ro\/wp-content\/uploads\/2017\/01\/space.png\" alt=\"\" width=\"20\" height=\"5\" \/><a href=\"http:\/\/www.szakacskonyv.ro\/?page_id=1337\">Tempura<\/a><\/p>\n","protected":false},"excerpt":{"rendered":"<p>Receptek Amerikai palacsinta Bableves cs\u00fcl\u00f6kkel Brokkoli kr\u00e9mleves Csirkeleves Csirkem\u00e1j baconben Csokis alm\u00e1s Dar\u00e1zsf\u00e9szek Di\u00f3s kifli Di\u00f3s tekercs \u00c9des-cs\u00edp\u0151s csirkemell gomb\u00e1val Eperlekv\u00e1r Fas\u00edrt Hagym\u00e1s csirkem\u00e1j Hagyom\u00e1nyos palacsinta Kar\u00e1csonyfa s\u00fcti Kati t\u00e9szta Karal\u00e1b\u00e9leves Kentucky csirke Krumplitok\u00e1ny Lucskos k\u00e1poszta M\u00e1kos bejgli Marhanyelv vadason Meggyes muffin Meggyes pite Parasztcsorba Parasztr\u00e9tes Pizza Pog\u00e1csa t\u00f6kmaggal Sajtkr\u00e9mleves Sajtos csirkemell S\u00fclt b\u00e1r\u00e1nycomb S\u00fclt <br \/><a class=\"more\" href=\"http:\/\/www.szakacskonyv.ro\/?page_id=1206\">Read more <\/a><\/p>\n","protected":false},"author":1,"featured_media":0,"parent":0,"menu_order":0,"comment_status":"closed","ping_status":"closed","template":"","meta":{"footnotes":""},"class_list":["post-1206","page","type-page","status-publish","hentry"],"_links":{"self":[{"href":"http:\/\/www.szakacskonyv.ro\/index.php?rest_route=\/wp\/v2\/pages\/1206","targetHints":{"allow":["GET"]}}],"collection":[{"href":"http:\/\/www.szakacskonyv.ro\/index.php?rest_route=\/wp\/v2\/pages"}],"about":[{"href":"http:\/\/www.szakacskonyv.ro\/index.php?rest_route=\/wp\/v2\/types\/page"}],"author":[{"embeddable":true,"href":"http:\/\/www.szakacskonyv.ro\/index.php?rest_route=\/wp\/v2\/users\/1"}],"replies":[{"embeddable":true,"href":"http:\/\/www.szakacskonyv.ro\/index.php?rest_route=%2Fwp%2Fv2%2Fcomments&post=1206"}],"version-history":[{"count":83,"href":"http:\/\/www.szakacskonyv.ro\/index.php?rest_route=\/wp\/v2\/pages\/1206\/revisions"}],"predecessor-version":[{"id":1789,"href":"http:\/\/www.szakacskonyv.ro\/index.php?rest_route=\/wp\/v2\/pages\/1206\/revisions\/1789"}],"wp:attachment":[{"href":"http:\/\/www.szakacskonyv.ro\/index.php?rest_route=%2Fwp%2Fv2%2Fmedia&parent=1206"}],"curies":[{"name":"wp","href":"https:\/\/api.w.org\/{rel}","templated":true}]}}